{"id":369,"date":"2017-11-21T11:35:42","date_gmt":"2017-11-21T13:35:42","guid":{"rendered":"http:\/\/sites.usp.br\/fmrpposgraduacao\/?page_id=369"},"modified":"2026-02-04T11:49:38","modified_gmt":"2026-02-04T14:49:38","slug":"ingressantes","status":"publish","type":"page","link":"http:\/\/cpg.fmrp.usp.br\/es\/alunos\/ingressantes","title":{"rendered":"Alunos Ingressantes"},"content":{"rendered":"\t\t<div data-elementor-type=\"wp-page\" data-elementor-id=\"369\" class=\"elementor elementor-369\" data-elementor-post-type=\"page\">\n\t\t\t\t\t\t<section class=\"elementor-section elementor-top-section elementor-element elementor-element-2203a0c elementor-section-boxed elementor-section-height-default elementor-section-height-default\" data-id=\"2203a0c\" data-element_type=\"section\">\n\t\t\t\t\t\t<div class=\"elementor-container elementor-column-gap-default\">\n\t\t\t\t\t<div class=\"elementor-column elementor-col-100 elementor-top-column elementor-element elementor-element-06b66aa\" data-id=\"06b66aa\" data-element_type=\"column\">\n\t\t\t<div class=\"elementor-widget-wrap elementor-element-populated\">\n\t\t\t\t\t\t<div class=\"elementor-element elementor-element-93800f7 elementor-widget elementor-widget-heading\" data-id=\"93800f7\" data-element_type=\"widget\" data-widget_type=\"heading.default\">\n\t\t\t\t<div class=\"elementor-widget-container\">\n\t\t\t<h1 class=\"elementor-heading-title elementor-size-default\">Alunos ingressantes<\/h1>\t\t<\/div>\n\t\t\t\t<\/div>\n\t\t\t\t<div class=\"elementor-element elementor-element-37f2188 elementor-widget elementor-widget-text-editor\" data-id=\"37f2188\" data-element_type=\"widget\" data-widget_type=\"text-editor.default\">\n\t\t\t\t<div class=\"elementor-widget-container\">\n\t\t\t\t\t\t\tA <strong>Se\u00e7\u00e3o de P\u00f3s-Gradua\u00e7\u00e3o<\/strong> situa-se na <strong>Rua Pedreira de Freitas, casa 02.<\/strong> Hor\u00e1rio de atendimento presencial das <strong>09 \u00e0s 12 horas e das 13h \u00e0s 16h.<\/strong>\t\t\t\t\t\t<\/div>\n\t\t\t\t<\/div>\n\t\t\t\t<div class=\"elementor-element elementor-element-e0acca5 elementor-invisible elementor-widget elementor-widget-accordion\" data-id=\"e0acca5\" data-element_type=\"widget\" data-settings=\"{&quot;_animation&quot;:&quot;fadeIn&quot;}\" data-widget_type=\"accordion.default\">\n\t\t\t\t<div class=\"elementor-widget-container\">\n\t\t\t\t\t<div class=\"elementor-accordion\">\n\t\t\t\t\t\t\t<div class=\"elementor-accordion-item\">\n\t\t\t\t\t<h4 id=\"elementor-tab-title-2351\" class=\"elementor-tab-title\" data-tab=\"1\" role=\"button\" aria-controls=\"elementor-tab-content-2351\" aria-expanded=\"false\">\n\t\t\t\t\t\t\t\t\t\t\t\t\t<span class=\"elementor-accordion-icon elementor-accordion-icon-left\" aria-hidden=\"true\">\n\t\t\t\t\t\t\t\t\t\t\t\t\t\t\t<span class=\"elementor-accordion-icon-closed\"><i class=\"fas fa-plus\"><\/i><\/span>\n\t\t\t\t\t\t\t\t<span class=\"elementor-accordion-icon-opened\"><i class=\"fas fa-minus\"><\/i><\/span>\n\t\t\t\t\t\t\t\t\t\t\t\t\t\t<\/span>\n\t\t\t\t\t\t\t\t\t\t\t\t<a class=\"elementor-accordion-title\" tabindex=\"0\">Como acessar sistema Janus e E-mail USP<\/a>\n\t\t\t\t\t<\/h4>\n\t\t\t\t\t<div id=\"elementor-tab-content-2351\" class=\"elementor-tab-content elementor-clearfix\" data-tab=\"1\" role=\"region\" aria-labelledby=\"elementor-tab-title-2351\"><p><strong>C\u00f3digo USP: <\/strong><\/p><ol style=\"list-style-type: disc;\"><li>Verificar com a Secretaria do Programa de P\u00f3s-Gradua\u00e7\u00e3o.<\/li><\/ol><p><strong>Sistema Janus-senha: <\/strong><\/p><ol style=\"list-style-type: disc;\"><li>Acesse <em><a href=\"https:\/\/uspdigital.usp.br\/wsusuario\/\" target=\"_blank\" rel=\"noopener\">https:\/\/uspdigital.usp.br<\/a><\/em> ou <em><a href=\"https:\/\/uspdigital.usp.br\/janus\/comum\/entrada.jsf\" target=\"_blank\" rel=\"noopener\">https:\/\/uspdigital.usp.br\/janus\/comum\/entrada.jsf<\/a><\/em>, clique em \u201c<em><strong>Primeiro Acesso<\/strong><\/em>\u201d e insira seu <strong>C\u00f3digo USP<\/strong>\u00a0para gerar uma senha.<\/li><li>A senha ser\u00e1 encaminhada para o e-mail informado na\u00a0<em>Ficha de Inscri\u00e7\u00e3o<\/em>.<\/li><\/ol><p><strong>E-mail USP: <\/strong><\/p><ol style=\"list-style-type: disc;\"><li>Acesse <a href=\"https:\/\/id.usp.br\/\" target=\"_blank\" rel=\"noopener\">https:\/\/id.usp.br\/<\/a> e clique em \u201c<strong><em>Primeiro acesso<\/em><\/strong>\u201d.<\/li><li>Para ler e enviar mensagens acesse <a href=\"http:\/\/www.usp.br\/\" target=\"_blank\" rel=\"noopener\">http:\/\/ww.usp.br<\/a><br \/>e clique em \u201c<strong><em>Webmail<\/em><\/strong>\u201d.\u00a0Ap\u00f3s solicitar o e-mail \u201cUSP\u201d solicite \u00e0 Secretaria do Programa ou \u00e0 Se\u00e7\u00e3o de P\u00f3s-Gradua\u00e7\u00e3o que insira seu e-mail USP no\u00a0<strong>Sistema\u00a0<em>Janus<\/em><\/strong>.<\/li><li>\u00c9 muito importante cadastrar o e-mail USP no\u00a0<strong>Sistema\u00a0<em>Janus<\/em><\/strong>\u00a0para receber as mensagens sobre o curso.<\/li><\/ol><h3>O\u00a0<u>Assistente Janus<\/u>\u00a0\u00e9 o novo aplicativo da Pr\u00f3-Reitoria de P\u00f3s-Gradua\u00e7\u00e3o da Universidade de S\u00e3o Paulo que visa a auxiliar o aluno de p\u00f3s-gradua\u00e7\u00e3o da USP a acompanhar as informa\u00e7\u00f5es de suas atividades na p\u00f3s-gradua\u00e7\u00e3o, dando agilidade na intera\u00e7\u00e3o entre os estudantes e a universidade. Atrav\u00e9s dele o aluno poder\u00e1 acompanhar as informa\u00e7\u00f5es do seu curso e programa, os seus prazos dentro do programa de p\u00f3s-gradua\u00e7\u00e3o e receber\u00e1 notifica\u00e7\u00f5es a eles relacionadas, poder\u00e1 conferir informa\u00e7\u00f5es sobre as disciplinas cursadas e matriculadas podendo acompanhar quantos cr\u00e9ditos necessita para completar o programa.<\/h3><h3>Esse aplicativo utiliza comunica\u00e7\u00e3o de dados pela rede celular ou Wi-Fi.\u00a0<img decoding=\"async\" class=\"CToWUd\" src=\"https:\/\/ci3.googleusercontent.com\/meips\/ADKq_NYwRMVawv0tMhsP8yj_wyj9vohyXkzSwovfwRc1bom-vUOOazLa5evcZiF0f7ktJQ7s0yxtLVPNPDnrYqwxkFvzEvsZHipF-3MXWVdtAfiJTLhnHH2wsZ12KQ5c_HDal2Zc52KVGg=s0-d-e1-ft#https:\/\/pos.fflch.usp.br\/sites\/pos.fflch.usp.br\/files\/inline-images\/image_20.png\" alt=\"image 20\" width=\"178\" height=\"69\" data-bit=\"iit\" \/><\/h3><\/div>\n\t\t\t\t<\/div>\n\t\t\t\t\t\t\t<div class=\"elementor-accordion-item\">\n\t\t\t\t\t<h4 id=\"elementor-tab-title-2352\" class=\"elementor-tab-title\" data-tab=\"2\" role=\"button\" aria-controls=\"elementor-tab-content-2352\" aria-expanded=\"false\">\n\t\t\t\t\t\t\t\t\t\t\t\t\t<span class=\"elementor-accordion-icon elementor-accordion-icon-left\" aria-hidden=\"true\">\n\t\t\t\t\t\t\t\t\t\t\t\t\t\t\t<span class=\"elementor-accordion-icon-closed\"><i class=\"fas fa-plus\"><\/i><\/span>\n\t\t\t\t\t\t\t\t<span class=\"elementor-accordion-icon-opened\"><i class=\"fas fa-minus\"><\/i><\/span>\n\t\t\t\t\t\t\t\t\t\t\t\t\t\t<\/span>\n\t\t\t\t\t\t\t\t\t\t\t\t<a class=\"elementor-accordion-title\" tabindex=\"0\">Carteirinha USP<\/a>\n\t\t\t\t\t<\/h4>\n\t\t\t\t\t<div id=\"elementor-tab-content-2352\" class=\"elementor-tab-content elementor-clearfix\" data-tab=\"2\" role=\"region\" aria-labelledby=\"elementor-tab-title-2352\"><p><strong>Carteirinha USP: <\/strong><\/p><ul><li>Acesse Sistema Janus em\u00a0<b>\u201cCart\u00e3o USP- Nova solicita\u00e7\u00e3o- Salvar\u201d<\/b>\u00a0e, posteriormente, clique em\u00a0<b>\u201dIncluir\/alterar Foto\u201d\u00a0<\/b>e anexe uma foto digital padr\u00e3o documento 3\u00d74, com fundo branco e com boa resolu\u00e7\u00e3o, n\u00e3o pode ter outros elementos na foto.\u00a0<b><span style=\"color: #ff0000;\">S\u00f3 conseguiremos autorizar a emiss\u00e3o do cart\u00e3o se ele estiver completo, com a realiza\u00e7\u00e3o do pedido + foto inserida.<\/span><\/b><\/li><li>Ser\u00e1 avisado atrav\u00e9s do e-mail USP quando a carteirinha estiver dispon\u00edvel na Se\u00e7\u00e3o de P\u00f3s-Gradua\u00e7\u00e3o.<\/li><li>Poder\u00e1 acompanhar o pedido em \u201cListar solicita\u00e7\u00e3o\u201c.<\/li><li>A emiss\u00e3o da 1\u00aa via \u00e9 gratuita.<\/li><li>Para a Renova\u00e7\u00e3o do Cart\u00e3o, basta entrar no sistema, enquanto for aluno regular, e, a partir do m\u00eas do vencimento, solicitar novo cart\u00e3o.<\/li><li><a href=\"http:\/\/www.prg.usp.br\/?p=27481\" target=\"_blank\" rel=\"noopener\" data-saferedirecturl=\"https:\/\/www.google.com\/url?q=http:\/\/www.prg.usp.br\/?p%3D27481&amp;source=gmail&amp;ust=1732878087521000&amp;usg=AOvVaw3DBOQAcDnhLwiU8frBE5fJ\">Carteirinha Digital USP (e-card USP)<\/a><\/li><li>Aten\u00e7\u00e3o: O Bilhete USP n\u00e3o \u00e9 a carteirinha USP. \u00c9 um bilhete para uso exclusivo em alguns \u00f4nibus no campus da USP da cidade de S\u00e3o Paulo.<\/li><\/ul><\/div>\n\t\t\t\t<\/div>\n\t\t\t\t\t\t\t<div class=\"elementor-accordion-item\">\n\t\t\t\t\t<h4 id=\"elementor-tab-title-2353\" class=\"elementor-tab-title\" data-tab=\"3\" role=\"button\" aria-controls=\"elementor-tab-content-2353\" aria-expanded=\"false\">\n\t\t\t\t\t\t\t\t\t\t\t\t\t<span class=\"elementor-accordion-icon elementor-accordion-icon-left\" aria-hidden=\"true\">\n\t\t\t\t\t\t\t\t\t\t\t\t\t\t\t<span class=\"elementor-accordion-icon-closed\"><i class=\"fas fa-plus\"><\/i><\/span>\n\t\t\t\t\t\t\t\t<span class=\"elementor-accordion-icon-opened\"><i class=\"fas fa-minus\"><\/i><\/span>\n\t\t\t\t\t\t\t\t\t\t\t\t\t\t<\/span>\n\t\t\t\t\t\t\t\t\t\t\t\t<a class=\"elementor-accordion-title\" tabindex=\"0\">Como solicitar documentos<\/a>\n\t\t\t\t\t<\/h4>\n\t\t\t\t\t<div id=\"elementor-tab-content-2353\" class=\"elementor-tab-content elementor-clearfix\" data-tab=\"3\" role=\"region\" aria-labelledby=\"elementor-tab-title-2353\"><p><strong>Solicita\u00e7\u00e3o de documentos: <\/strong><\/p><ol style=\"list-style-type: disc;\"><li><em>Declara\u00e7\u00e3o de Matr\u00edcula<\/em> para a TRANSERP, para empresa de \u00f4nibus intermunicipal e para outras finalidades; <em>Declara\u00e7\u00e3o de Conclus\u00e3o<\/em> e <em>Ficha do Aluno<\/em>, v\u00e1 em <a href=\"https:\/\/cpg.fmrp.usp.br\/informacoes\/solicitar-documentos\" target=\"_blank\" rel=\"noopener\">Solicitar Documentos.<\/a><\/li><\/ol><\/div>\n\t\t\t\t<\/div>\n\t\t\t\t\t\t\t<div class=\"elementor-accordion-item\">\n\t\t\t\t\t<h4 id=\"elementor-tab-title-2354\" class=\"elementor-tab-title\" data-tab=\"4\" role=\"button\" aria-controls=\"elementor-tab-content-2354\" aria-expanded=\"false\">\n\t\t\t\t\t\t\t\t\t\t\t\t\t<span class=\"elementor-accordion-icon elementor-accordion-icon-left\" aria-hidden=\"true\">\n\t\t\t\t\t\t\t\t\t\t\t\t\t\t\t<span class=\"elementor-accordion-icon-closed\"><i class=\"fas fa-plus\"><\/i><\/span>\n\t\t\t\t\t\t\t\t<span class=\"elementor-accordion-icon-opened\"><i class=\"fas fa-minus\"><\/i><\/span>\n\t\t\t\t\t\t\t\t\t\t\t\t\t\t<\/span>\n\t\t\t\t\t\t\t\t\t\t\t\t<a class=\"elementor-accordion-title\" tabindex=\"0\">Disciplinas<\/a>\n\t\t\t\t\t<\/h4>\n\t\t\t\t\t<div id=\"elementor-tab-content-2354\" class=\"elementor-tab-content elementor-clearfix\" data-tab=\"4\" role=\"region\" aria-labelledby=\"elementor-tab-title-2354\"><p><strong>Disciplinas: <\/strong><\/p><ul><li>Para consultar as disciplinas oferecidas no semestre acesse\u00a0<strong>Sistema\u00a0<em>Janus<\/em><\/strong>\u00a0e clique em \u201c<strong><em><a href=\"https:\/\/uspdigital.usp.br\/janus\/componente\/disciplinasOferecidasInicial.jsf\" target=\"_blank\" rel=\"noopener\">Disciplinas- Consultas- Oferecimentos<\/a><\/em><\/strong>\u201c.<\/li><li><a href=\"https:\/\/leginf.usp.br\/?resolucao=resolucao-copgr-no-8546-de-1o-de-dezembro-de-2023\" target=\"_blank\" rel=\"noopener\">Resolu\u00e7\u00e3o CoPGr 8546 de 1\u00ba de dezembro de 2023<\/a>, que estabelece crit\u00e9rios sobre a carga m\u00ednima de cr\u00e9ditos a serem integralizados em disciplinas presenciais. De acordo com a referida resolu\u00e7\u00e3o (Art. 1\u00ba) &#8230;fica estabelecido que o discente matriculado no Programa de P\u00f3s-Gradua\u00e7\u00e3o dever\u00e1 integralizar no m\u00ednimo 60% dos cr\u00e9ditos m\u00ednimos exigidos em disciplinas na forma presencial.<\/li><\/ul><\/div>\n\t\t\t\t<\/div>\n\t\t\t\t\t\t\t<div class=\"elementor-accordion-item\">\n\t\t\t\t\t<h4 id=\"elementor-tab-title-2355\" class=\"elementor-tab-title\" data-tab=\"5\" role=\"button\" aria-controls=\"elementor-tab-content-2355\" aria-expanded=\"false\">\n\t\t\t\t\t\t\t\t\t\t\t\t\t<span class=\"elementor-accordion-icon elementor-accordion-icon-left\" aria-hidden=\"true\">\n\t\t\t\t\t\t\t\t\t\t\t\t\t\t\t<span class=\"elementor-accordion-icon-closed\"><i class=\"fas fa-plus\"><\/i><\/span>\n\t\t\t\t\t\t\t\t<span class=\"elementor-accordion-icon-opened\"><i class=\"fas fa-minus\"><\/i><\/span>\n\t\t\t\t\t\t\t\t\t\t\t\t\t\t<\/span>\n\t\t\t\t\t\t\t\t\t\t\t\t<a class=\"elementor-accordion-title\" tabindex=\"0\">Guia de Boas Pr\u00e1ticas Cient\u00edficas<\/a>\n\t\t\t\t\t<\/h4>\n\t\t\t\t\t<div id=\"elementor-tab-content-2355\" class=\"elementor-tab-content elementor-clearfix\" data-tab=\"5\" role=\"region\" aria-labelledby=\"elementor-tab-title-2355\"><p><strong>Guia de Boas Pr\u00e1ticas Cient\u00edficas: <\/strong><\/p><ol style=\"list-style-type: disc;\"><li><a style=\"font-size: 14px; background-color: #ffffff;\" href=\"https:\/\/prpi.usp.br\/wp-content\/uploads\/sites\/1239\/2026\/02\/Guia-de-Boas-Praticas-Cientificas-3aedicao.pdf\" target=\"_blank\" rel=\"noopener\">https:\/\/prpi.usp.br\/wp-content\/uploads\/sites\/1239\/2026\/02\/Guia-de-Boas-Praticas-Cientificas-3aedicao.pdf<\/a><\/li><\/ol><\/div>\n\t\t\t\t<\/div>\n\t\t\t\t\t\t\t<div class=\"elementor-accordion-item\">\n\t\t\t\t\t<h4 id=\"elementor-tab-title-2356\" class=\"elementor-tab-title\" data-tab=\"6\" role=\"button\" aria-controls=\"elementor-tab-content-2356\" aria-expanded=\"false\">\n\t\t\t\t\t\t\t\t\t\t\t\t\t<span class=\"elementor-accordion-icon elementor-accordion-icon-left\" aria-hidden=\"true\">\n\t\t\t\t\t\t\t\t\t\t\t\t\t\t\t<span class=\"elementor-accordion-icon-closed\"><i class=\"fas fa-plus\"><\/i><\/span>\n\t\t\t\t\t\t\t\t<span class=\"elementor-accordion-icon-opened\"><i class=\"fas fa-minus\"><\/i><\/span>\n\t\t\t\t\t\t\t\t\t\t\t\t\t\t<\/span>\n\t\t\t\t\t\t\t\t\t\t\t\t<a class=\"elementor-accordion-title\" tabindex=\"0\">Equival\u00eancia de t\u00edtulo<\/a>\n\t\t\t\t\t<\/h4>\n\t\t\t\t\t<div id=\"elementor-tab-content-2356\" class=\"elementor-tab-content elementor-clearfix\" data-tab=\"6\" role=\"region\" aria-labelledby=\"elementor-tab-title-2356\"><p><strong>Equival\u00eancia de t\u00edtulo de mestre para contagem de cr\u00e9ditos para o doutorado: <\/strong><\/p><ol style=\"list-style-type: disc;\"><li>Solicitar atrav\u00e9s do formul\u00e1rio:<br \/><a href=\"https:\/\/cpg.fmrp.usp.br\/wp-content\/uploads\/sites\/313\/2022\/02\/Formulario-de-equivalencia-de-titulo-de-mestre.doc\" target=\"_blank\" rel=\"noopener\">Formul\u00e1rio de equival\u00eancia de t\u00edtulo de mestre<\/a><\/li><\/ol><\/div>\n\t\t\t\t<\/div>\n\t\t\t\t\t\t\t<div class=\"elementor-accordion-item\">\n\t\t\t\t\t<h4 id=\"elementor-tab-title-2357\" class=\"elementor-tab-title\" data-tab=\"7\" role=\"button\" aria-controls=\"elementor-tab-content-2357\" aria-expanded=\"false\">\n\t\t\t\t\t\t\t\t\t\t\t\t\t<span class=\"elementor-accordion-icon elementor-accordion-icon-left\" aria-hidden=\"true\">\n\t\t\t\t\t\t\t\t\t\t\t\t\t\t\t<span class=\"elementor-accordion-icon-closed\"><i class=\"fas fa-plus\"><\/i><\/span>\n\t\t\t\t\t\t\t\t<span class=\"elementor-accordion-icon-opened\"><i class=\"fas fa-minus\"><\/i><\/span>\n\t\t\t\t\t\t\t\t\t\t\t\t\t\t<\/span>\n\t\t\t\t\t\t\t\t\t\t\t\t<a class=\"elementor-accordion-title\" tabindex=\"0\">Outras Informa\u00e7\u00f5es<\/a>\n\t\t\t\t\t<\/h4>\n\t\t\t\t\t<div id=\"elementor-tab-content-2357\" class=\"elementor-tab-content elementor-clearfix\" data-tab=\"7\" role=\"region\" aria-labelledby=\"elementor-tab-title-2357\"><p><strong>Entrada no Campus: <\/strong>(selo de identifica\u00e7\u00e3o para carro):<\/p><ol style=\"list-style-type: disc;\"><li>Acesse o site <b><a href=\"https:\/\/www.prefeiturarp.usp.br\/pages\/veiculos-2016\/scripts\/\">https:\/\/www.prefeiturarp.usp.br\/pages\/veiculos-2016\/scripts\/<\/a><\/b><\/li><\/ol><p><strong>Atendimento M\u00e9dico: <\/strong><\/p><ol style=\"list-style-type: disc;\"><li>Departamento de Sa\u00fade-UBAS (Unidade B\u00e1sica de Assist\u00eancia \u00e0<br \/>Sa\u00fade). Situado na Rua Pedreira de Freitas, casa 14, e-mail <a href=\"mailto:ubas.rp@usp.br\" target=\"_blank\" rel=\"noopener\">ubas.rp@usp.br<\/a><\/li><\/ol><p><strong>Alunos Estrangeiros: <\/strong><\/p><ol style=\"list-style-type: disc;\"><li>CAPEE &#8211; Centro de Apoio ao Professor e Estudante Estrangeiro, acesse o site <a href=\"http:\/\/www.pcarp.usp.br\/\" target=\"_blank\" rel=\"noopener\">http:\/\/www.pcarp.usp.br\/<\/a>.<\/li><\/ol><p><strong><b>Biblioteca do Campus<\/b>: <\/strong><\/p><ol style=\"list-style-type: disc;\"><li>Biblioteca Central do Campus, Restaurante Central, Atendimento Social, Atividades Culturais e Atividades F\u00edsicas (CEFER), consulte o site<br \/><a href=\"http:\/\/www.pcarp.usp.br\/\" target=\"_blank\" rel=\"noopener\">http:\/\/www.pcarp.usp.br\/<\/a>.<\/li><\/ol><p><strong>Eduroam: <\/strong><\/p><ol style=\"list-style-type: disc;\"><li>Como usar: <a href=\"https:\/\/eduroam.usp.br\/como-usar\/\">https:\/\/eduroam.usp.br\/como-usar\/<\/a><\/li><\/ol><\/div>\n\t\t\t\t<\/div>\n\t\t\t\t\t\t\t\t<\/div>\n\t\t\t\t<\/div>\n\t\t\t\t<\/div>\n\t\t\t\t\t<\/div>\n\t\t<\/div>\n\t\t\t\t\t<\/div>\n\t\t<\/section>\n\t\t\t\t<\/div>\n\t\t","protected":false},"excerpt":{"rendered":"<p>Alunos ingressantes A Se\u00e7\u00e3o de P\u00f3s-Gradua\u00e7\u00e3o situa-se na Rua Pedreira de Freitas, casa 02. Hor\u00e1rio de atendimento presencial das 09 \u00e0s 12 horas e das 13h \u00e0s 16h. Como acessar sistema Janus e E-mail USP C\u00f3digo USP: Verificar com a Secretaria do Programa de P\u00f3s-Gradua\u00e7\u00e3o. Sistema Janus-senha: Acesse https:\/\/uspdigital.usp.br ou https:\/\/uspdigital.usp.br\/janus\/comum\/entrada.jsf, clique em \u201cPrimeiro Acesso\u201d [&hellip;]<\/p>\n","protected":false},"author":417,"featured_media":0,"parent":159,"menu_order":5,"comment_status":"closed","ping_status":"closed","template":"","meta":{"footnotes":"","_links_to":"","_links_to_target":""},"class_list":["post-369","page","type-page","status-publish","hentry","entry"],"_links":{"self":[{"href":"http:\/\/cpg.fmrp.usp.br\/es\/wp-json\/wp\/v2\/pages\/369","targetHints":{"allow":["GET"]}}],"collection":[{"href":"http:\/\/cpg.fmrp.usp.br\/es\/wp-json\/wp\/v2\/pages"}],"about":[{"href":"http:\/\/cpg.fmrp.usp.br\/es\/wp-json\/wp\/v2\/types\/page"}],"author":[{"embeddable":true,"href":"http:\/\/cpg.fmrp.usp.br\/es\/wp-json\/wp\/v2\/users\/417"}],"replies":[{"embeddable":true,"href":"http:\/\/cpg.fmrp.usp.br\/es\/wp-json\/wp\/v2\/comments?post=369"}],"version-history":[{"count":4,"href":"http:\/\/cpg.fmrp.usp.br\/es\/wp-json\/wp\/v2\/pages\/369\/revisions"}],"predecessor-version":[{"id":6740,"href":"http:\/\/cpg.fmrp.usp.br\/es\/wp-json\/wp\/v2\/pages\/369\/revisions\/6740"}],"up":[{"embeddable":true,"href":"http:\/\/cpg.fmrp.usp.br\/es\/wp-json\/wp\/v2\/pages\/159"}],"wp:attachment":[{"href":"http:\/\/cpg.fmrp.usp.br\/es\/wp-json\/wp\/v2\/media?parent=369"}],"curies":[{"name":"wp","href":"https:\/\/api.w.org\/{rel}","templated":true}]}}